{"id":605,"date":"2021-01-13T22:01:18","date_gmt":"2021-01-13T21:01:18","guid":{"rendered":"https:\/\/www.tipsi.at\/?page_id=605"},"modified":"2025-11-13T07:21:14","modified_gmt":"2025-11-13T06:21:14","slug":"trialogische-arbeit","status":"publish","type":"page","link":"https:\/\/www.tipsi.at\/?page_id=605","title":{"rendered":"TRIALOG in Innsbruck"},"content":{"rendered":"\n<p>Wir veranstalten den TRIALOG in Innsbruck.<\/p>\n\n\n\n<p>Der TRIALOG ist ein Treffen von Menschen mit psychosozialen Problemstellungen \/ psychischen Erkrankungen, Angeh\u00f6rigen und Personen, die mit psychisch erkrankten Menschen arbeiten. <\/p>\n\n\n\n<p>Bei jedem Treffen wird ein Thema diskutiert, welches von der Gruppe beim jeweils vorherigen Termin ausgew\u00e4hlt wird.<\/p>\n\n\n\n<p><strong><mark style=\"background-color:rgba(0, 0, 0, 0);color:#073ee3\" class=\"has-inline-color\">Wo?<\/mark><\/strong> <\/p>\n\n\n\n<p><strong>Psychosoziales Zentrum<\/strong>, Sch\u00f6pfstra\u00dfe 15, 6020 Innsbruck<br>Erreichbar mit der Stra\u00dfenbahnlinie 1, Haltestelle Franz-Fischer-Stra\u00dfe<\/p>\n\n\n\n<p><a href=\"https:\/\/www.psz.tirol\/standorte\/psz-innsbruck-schoepfstrasse\">https:\/\/www.psz.tirol\/standorte\/psz-innsbruck-schoepfstrasse<\/a><\/p>\n\n\n\n<p><strong><mark style=\"background-color:rgba(0, 0, 0, 0);color:#073ee3\" class=\"has-inline-color\">Wann? <\/mark><\/strong><\/p>\n\n\n\n<p>Jeder erste Mittwoch im Monat, von 17:00 Uhr bis 19:00 Uhr<br>(ausgenommen J\u00e4nner und August)<\/p>\n\n\n\n<p><strong><em>Die Teilnahme ist kostenlos m\u00f6glich, eine Anmeldung ist nicht erforderlich!<\/em><\/strong><\/p>\n\n\n\n<p><\/p>\n","protected":false},"excerpt":{"rendered":"<p>Wir veranstalten den TRIALOG in Innsbruck. Der TRIALOG ist ein Treffen von Menschen mit psychosozialen Problemstellungen \/ psychischen Erkrankungen, Angeh\u00f6rigen und Personen, die mit psychisch erkrankten Menschen arbeiten. Bei jedem Treffen wird ein Thema diskutiert, welches von der Gruppe beim jeweils vorherigen Termin ausgew\u00e4hlt wird. Wo? Psychosoziales Zentrum, Sch\u00f6pfstra\u00dfe 15, 6020 InnsbruckErreichbar mit der Stra\u00dfenbahnlinie&#8230; <a class=\"more-link\" href=\"https:\/\/www.tipsi.at\/?page_id=605#more-605\">Continue Reading &rarr;<\/a><\/p>\n","protected":false},"author":6,"featured_media":0,"parent":0,"menu_order":0,"comment_status":"closed","ping_status":"closed","template":"","meta":{"footnotes":""},"class_list":["post-605","page","type-page","status-publish","hentry","clear"],"_links":{"self":[{"href":"https:\/\/www.tipsi.at\/index.php?rest_route=\/wp\/v2\/pages\/605","targetHints":{"allow":["GET"]}}],"collection":[{"href":"https:\/\/www.tipsi.at\/index.php?rest_route=\/wp\/v2\/pages"}],"about":[{"href":"https:\/\/www.tipsi.at\/index.php?rest_route=\/wp\/v2\/types\/page"}],"author":[{"embeddable":true,"href":"https:\/\/www.tipsi.at\/index.php?rest_route=\/wp\/v2\/users\/6"}],"replies":[{"embeddable":true,"href":"https:\/\/www.tipsi.at\/index.php?rest_route=%2Fwp%2Fv2%2Fcomments&post=605"}],"version-history":[{"count":13,"href":"https:\/\/www.tipsi.at\/index.php?rest_route=\/wp\/v2\/pages\/605\/revisions"}],"predecessor-version":[{"id":992,"href":"https:\/\/www.tipsi.at\/index.php?rest_route=\/wp\/v2\/pages\/605\/revisions\/992"}],"wp:attachment":[{"href":"https:\/\/www.tipsi.at\/index.php?rest_route=%2Fwp%2Fv2%2Fmedia&parent=605"}],"curies":[{"name":"wp","href":"https:\/\/api.w.org\/{rel}","templated":true}]}}