{"id":32,"date":"2016-12-28T14:51:33","date_gmt":"2016-12-28T13:51:33","guid":{"rendered":"http:\/\/peoe.at\/?page_id=32"},"modified":"2025-05-12T11:44:26","modified_gmt":"2025-05-12T09:44:26","slug":"ueber-uns","status":"publish","type":"page","link":"https:\/\/www.tipsi.at\/?page_id=32","title":{"rendered":"Gesch\u00e4ftsf\u00fchrung"},"content":{"rendered":"\n<h3 class=\"wp-block-heading\">Wir <g class=\"gr_ gr_7 gr-alert gr_spell gr_inline_cards gr_run_anim ContextualSpelling ins-del multiReplace\" id=\"7\" data-gr-id=\"7\">stellen<\/g> uns <g class=\"gr_ gr_26 gr-alert gr_spell gr_inline_cards gr_run_anim ContextualSpelling\" id=\"26\" data-gr-id=\"26\">vo<\/g>r<\/h3>\n\n\n<div class=\"wp-block-image\">\n<figure class=\"alignleft size-full is-resized\"><img loading=\"lazy\" decoding=\"async\" width=\"2048\" height=\"2560\" src=\"https:\/\/www.tipsi.at\/wp-content\/uploads\/2025\/05\/Kennerth-Elmar2-scaled.jpg\" alt=\"\" class=\"wp-image-967\" style=\"width:145px;height:auto\" srcset=\"https:\/\/www.tipsi.at\/wp-content\/uploads\/2025\/05\/Kennerth-Elmar2-scaled.jpg 2048w, https:\/\/www.tipsi.at\/wp-content\/uploads\/2025\/05\/Kennerth-Elmar2-240x300.jpg 240w, https:\/\/www.tipsi.at\/wp-content\/uploads\/2025\/05\/Kennerth-Elmar2-768x960.jpg 768w, https:\/\/www.tipsi.at\/wp-content\/uploads\/2025\/05\/Kennerth-Elmar2-1229x1536.jpg 1229w, https:\/\/www.tipsi.at\/wp-content\/uploads\/2025\/05\/Kennerth-Elmar2-1638x2048.jpg 1638w, https:\/\/www.tipsi.at\/wp-content\/uploads\/2025\/05\/Kennerth-Elmar2-1400x1750.jpg 1400w, https:\/\/www.tipsi.at\/wp-content\/uploads\/2025\/05\/Kennerth-Elmar2-600x750.jpg 600w\" sizes=\"auto, (max-width: 2048px) 100vw, 2048px\" \/><\/figure>\n<\/div>\n\n<p style=\"text-align: justify;\"><strong>Elmar Kennerth, <\/strong>Vorsitzender und Gesch\u00e4ftsf\u00fchrer<\/p>\n<p>Erfahrungsexperte (EX-IN Zertifikat)<\/p>\n<p style=\"text-align: justify;\">Schwerpunkte: Bipolare St\u00f6rungen, Psychosen, \u00c4ngste, Schlafst\u00f6rungen<\/p>\n\n\n<p><strong>Videobotschaft:<\/strong><\/p>\n\n\n\n<p><iframe src=\"https:\/\/ves.prosiebensat1puls4.tv\/v\/b73dfe25b4b8714c029b37a6ad3006fa.html\" allowfullscreen=\"allowfullscreen\" scrolling=\"no\" allow=\"geolocation;encrypted-media *\" frameborder=\"0\">&amp;amp;amp;amp;amp;amp;lt;\/p&amp;amp;amp;amp;amp;gt;<\/iframe><\/p>\n\n\n\n<p>2008 wurde ich psychisch krank. Seither habe ich viele R\u00fcckschl\u00e4ge im beruflichen sowie privaten Bereich hinnehmen m\u00fcssen. Mit der Ausbildung zum EX-IN-Genesungsbegleiter (Peer) und dem Beginn meiner T\u00e4tigkeit als Genesungsbegleiter habe ich neue Perspektiven im Zusammenhang mit meiner psychischen Erkrankung entwickeln k\u00f6nnen. Es ist mir ein Anliegen, meine Erfahrungen weiterzugeben. Mit dem Verein TIPSI haben wir eine neue M\u00f6glichkeit der Interessenvertretung f\u00fcr Betroffene geschaffen. Im Trialog mit Angeh\u00f6rigen und Profis m\u00f6chten wir die Versorgungslandschaft weiterentwickeln.<\/p>\n\n\n\n<p><strong>Angelika Pfauser, <\/strong>Fachreferentin und Gesch\u00e4ftsf\u00fchrerin<\/p>\n\n\n\n<p>Erfahrungsexpertin (EX-IN Zertifikat)<\/p>\n\n\n\n<p><\/p>\n","protected":false},"excerpt":{"rendered":"<p>Wir stellen uns vor Elmar Kennerth, Vorsitzender und Gesch\u00e4ftsf\u00fchrer Erfahrungsexperte (EX-IN Zertifikat) Schwerpunkte: Bipolare St\u00f6rungen, Psychosen, \u00c4ngste, Schlafst\u00f6rungen Videobotschaft: &amp;amp;amp;amp;amp;amp;lt;\/p&amp;amp;amp;amp;amp;gt; 2008 wurde ich psychisch krank. Seither habe ich viele R\u00fcckschl\u00e4ge im beruflichen sowie privaten Bereich hinnehmen m\u00fcssen. Mit der Ausbildung zum EX-IN-Genesungsbegleiter (Peer) und dem Beginn meiner T\u00e4tigkeit als Genesungsbegleiter habe ich neue Perspektiven im&#8230; <a class=\"more-link\" href=\"https:\/\/www.tipsi.at\/?page_id=32#more-32\">Continue Reading &rarr;<\/a><\/p>\n","protected":false},"author":1,"featured_media":304,"parent":0,"menu_order":0,"comment_status":"closed","ping_status":"closed","template":"","meta":{"footnotes":""},"class_list":["post-32","page","type-page","status-publish","has-post-thumbnail","hentry","clear"],"_links":{"self":[{"href":"https:\/\/www.tipsi.at\/index.php?rest_route=\/wp\/v2\/pages\/32","targetHints":{"allow":["GET"]}}],"collection":[{"href":"https:\/\/www.tipsi.at\/index.php?rest_route=\/wp\/v2\/pages"}],"about":[{"href":"https:\/\/www.tipsi.at\/index.php?rest_route=\/wp\/v2\/types\/page"}],"author":[{"embeddable":true,"href":"https:\/\/www.tipsi.at\/index.php?rest_route=\/wp\/v2\/users\/1"}],"replies":[{"embeddable":true,"href":"https:\/\/www.tipsi.at\/index.php?rest_route=%2Fwp%2Fv2%2Fcomments&post=32"}],"version-history":[{"count":65,"href":"https:\/\/www.tipsi.at\/index.php?rest_route=\/wp\/v2\/pages\/32\/revisions"}],"predecessor-version":[{"id":969,"href":"https:\/\/www.tipsi.at\/index.php?rest_route=\/wp\/v2\/pages\/32\/revisions\/969"}],"wp:featuredmedia":[{"embeddable":true,"href":"https:\/\/www.tipsi.at\/index.php?rest_route=\/wp\/v2\/media\/304"}],"wp:attachment":[{"href":"https:\/\/www.tipsi.at\/index.php?rest_route=%2Fwp%2Fv2%2Fmedia&parent=32"}],"curies":[{"name":"wp","href":"https:\/\/api.w.org\/{rel}","templated":true}]}}