{"id":308,"date":"2019-10-16T17:46:49","date_gmt":"2019-10-16T15:46:49","guid":{"rendered":"https:\/\/www.tipsi.at\/?page_id=308"},"modified":"2024-09-07T11:23:33","modified_gmt":"2024-09-07T09:23:33","slug":"artikel","status":"publish","type":"page","link":"https:\/\/www.tipsi.at\/?page_id=308","title":{"rendered":"Artikel"},"content":{"rendered":"\n<p><strong>UN-Behindertenrechtskonvention (Englisch, rechtsg\u00fcltiges Original)<\/strong><\/p>\n\n\n\n<div data-wp-interactive=\"core\/file\" class=\"wp-block-file\"><object data-wp-bind--hidden=\"!state.hasPdfPreview\" hidden class=\"wp-block-file__embed\" data=\"https:\/\/www.tipsi.at\/wp-content\/uploads\/2024\/09\/UN-BRK-ENG.pdf\" type=\"application\/pdf\" style=\"width:100%;height:600px\" aria-label=\"Einbettung von UN-BRK-ENG.\"><\/object><a id=\"wp-block-file--media-7be8d5eb-6da8-4566-b517-64038864d670\" href=\"https:\/\/www.tipsi.at\/wp-content\/uploads\/2024\/09\/UN-BRK-ENG.pdf\">UN-BRK-ENG<\/a><a href=\"https:\/\/www.tipsi.at\/wp-content\/uploads\/2024\/09\/UN-BRK-ENG.pdf\" class=\"wp-block-file__button wp-element-button\" download aria-describedby=\"wp-block-file--media-7be8d5eb-6da8-4566-b517-64038864d670\">Herunterladen<\/a><\/div>\n\n\n\n<p><strong>UN-Leitlinien zur Deinstitutionalisierung (auch in Notf\u00e4llen) 2022<\/strong><\/p>\n\n\n\n<p><a href=\"https:\/\/www.ohchr.org\/sites\/default\/files\/2023-06\/CRPD-Guidelines-on-Deinstitutionalization-Unofficial-German-Translation.pdf\">https:\/\/www.ohchr.org\/sites\/default\/files\/2023-06\/CRPD-Guidelines-on-Deinstitutionalization-Unofficial-German-Translation.pdf<\/a><\/p>\n\n\n\n<p><strong>Bericht des UN-Generalsekret\u00e4rs vom 13.05.2020 zum Thema psychische Gesundheit anl\u00e4sslich der Covid-19 Pandemie:<\/strong><\/p>\n\n\n\n<p><a href=\"https:\/\/www.un.org\/sites\/un2.un.org\/files\/un_policy_brief-covid_and_mental_health_final.pdf\">https:\/\/www.un.org\/sites\/un2.un.org\/files\/un_policy_brief-covid_and_mental_health_final.pdf<\/a><\/p>\n\n\n\n<p><strong>Bericht des UN-Sonderbeauftragten \u00fcber das Recht aller, die h\u00f6chstm\u00f6glichen Standards physischer und psychischer Gesundheit zu erlangen<\/strong> <strong>&#8211; 2017<\/strong><\/p>\n\n\n\n<p>Report of the Special Rapporteur on the right of everyone to the enjoyment of the highest attainable standard of physical and mental health &#8211; 2017<\/p>\n\n\n\n<p><a href=\"https:\/\/documents-dds-ny.un.org\/doc\/UNDOC\/GEN\/G17\/076\/04\/PDF\/G1707604.pdf?OpenElement\">https:\/\/documents-dds-ny.un.org\/doc\/UNDOC\/GEN\/G17\/076\/04\/PDF\/G1707604.pdf?OpenElement<\/a><\/p>\n\n\n\n<p><strong>Bericht des UN-Sonderbeauftragten \u00fcber Folter und anderer grausamer, unmenschlicher oder herabw\u00fcrdigender Behandlung oder Bestrafung, Juan E. M\u00e9ndez &#8211; 2013 <\/strong><\/p>\n\n\n\n<p>Report of the Special Rapporteur on torture and other cruel, inhuman or degrading treatment or punishment, Juan E. M\u00e9ndez &#8211; 2013<\/p>\n\n\n\n<p><a href=\"https:\/\/www.ohchr.org\/Documents\/HRBodies\/HRCouncil\/RegularSession\/Session22\/A.HRC.22.53_English.pdf\">https:\/\/www.ohchr.org\/Documents\/HRBodies\/HRCouncil\/RegularSession\/Session22\/A.HRC.22.53_English.pdf<\/a><\/p>\n","protected":false},"excerpt":{"rendered":"<p>UN-Behindertenrechtskonvention (Englisch, rechtsg\u00fcltiges Original) UN-Leitlinien zur Deinstitutionalisierung (auch in Notf\u00e4llen) 2022 https:\/\/www.ohchr.org\/sites\/default\/files\/2023-06\/CRPD-Guidelines-on-Deinstitutionalization-Unofficial-German-Translation.pdf Bericht des UN-Generalsekret\u00e4rs vom 13.05.2020 zum Thema psychische Gesundheit anl\u00e4sslich der Covid-19 Pandemie: https:\/\/www.un.org\/sites\/un2.un.org\/files\/un_policy_brief-covid_and_mental_health_final.pdf Bericht des UN-Sonderbeauftragten \u00fcber das Recht aller, die h\u00f6chstm\u00f6glichen Standards physischer und psychischer Gesundheit zu erlangen &#8211; 2017 Report of the Special Rapporteur on the right of everyone to&#8230; <a class=\"more-link\" href=\"https:\/\/www.tipsi.at\/?page_id=308#more-308\">Continue Reading &rarr;<\/a><\/p>\n","protected":false},"author":1,"featured_media":0,"parent":0,"menu_order":0,"comment_status":"closed","ping_status":"closed","template":"","meta":{"footnotes":""},"class_list":["post-308","page","type-page","status-publish","hentry","clear"],"_links":{"self":[{"href":"https:\/\/www.tipsi.at\/index.php?rest_route=\/wp\/v2\/pages\/308","targetHints":{"allow":["GET"]}}],"collection":[{"href":"https:\/\/www.tipsi.at\/index.php?rest_route=\/wp\/v2\/pages"}],"about":[{"href":"https:\/\/www.tipsi.at\/index.php?rest_route=\/wp\/v2\/types\/page"}],"author":[{"embeddable":true,"href":"https:\/\/www.tipsi.at\/index.php?rest_route=\/wp\/v2\/users\/1"}],"replies":[{"embeddable":true,"href":"https:\/\/www.tipsi.at\/index.php?rest_route=%2Fwp%2Fv2%2Fcomments&post=308"}],"version-history":[{"count":8,"href":"https:\/\/www.tipsi.at\/index.php?rest_route=\/wp\/v2\/pages\/308\/revisions"}],"predecessor-version":[{"id":999,"href":"https:\/\/www.tipsi.at\/index.php?rest_route=\/wp\/v2\/pages\/308\/revisions\/999"}],"wp:attachment":[{"href":"https:\/\/www.tipsi.at\/index.php?rest_route=%2Fwp%2Fv2%2Fmedia&parent=308"}],"curies":[{"name":"wp","href":"https:\/\/api.w.org\/{rel}","templated":true}]}}