{"id":22,"date":"2016-12-28T14:21:36","date_gmt":"2016-12-28T13:21:36","guid":{"rendered":"http:\/\/peoe.at\/?page_id=22"},"modified":"2023-12-20T15:04:36","modified_gmt":"2023-12-20T14:04:36","slug":"impressum","status":"publish","type":"page","link":"https:\/\/www.tipsi.at\/?page_id=22","title":{"rendered":"Impressum"},"content":{"rendered":"<p><strong>Tiroler Interessenverband<\/strong><br \/>\n<strong>f\u00fcr psychosoziale Inklusion<\/strong><\/p>\n<p>Gemeinn\u00fctziger Verein<\/p>\n<p>Amthorstra\u00dfe 49\/79, EG<br \/>\n6020 Innsbruck<\/p>\n<p>ZVR: 328266723<\/p>\n<p>Spendenkonto: IBAN: AT26 2050 3033 5250 0387, Tiroler Sparkasse<\/p>\n<p>Titelbild: Berge \u00a9 Werner Braunhofer<\/p>\n<p>Logo: \u00a9 TIPSI &#8211; mit freundlicher Unterst\u00fctzung von Heinz Aschenbrenner<\/p>\n","protected":false},"excerpt":{"rendered":"<p>Tiroler Interessenverband f\u00fcr psychosoziale Inklusion Gemeinn\u00fctziger Verein Amthorstra\u00dfe 49\/79, EG 6020 Innsbruck ZVR: 328266723 Spendenkonto: IBAN: AT26 2050 3033 5250 0387, Tiroler Sparkasse Titelbild: Berge \u00a9 Werner Braunhofer Logo: \u00a9 TIPSI &#8211; mit freundlicher Unterst\u00fctzung von Heinz Aschenbrenner<\/p>\n","protected":false},"author":1,"featured_media":0,"parent":0,"menu_order":0,"comment_status":"closed","ping_status":"closed","template":"","meta":{"footnotes":""},"class_list":["post-22","page","type-page","status-publish","hentry","clear"],"_links":{"self":[{"href":"https:\/\/www.tipsi.at\/index.php?rest_route=\/wp\/v2\/pages\/22","targetHints":{"allow":["GET"]}}],"collection":[{"href":"https:\/\/www.tipsi.at\/index.php?rest_route=\/wp\/v2\/pages"}],"about":[{"href":"https:\/\/www.tipsi.at\/index.php?rest_route=\/wp\/v2\/types\/page"}],"author":[{"embeddable":true,"href":"https:\/\/www.tipsi.at\/index.php?rest_route=\/wp\/v2\/users\/1"}],"replies":[{"embeddable":true,"href":"https:\/\/www.tipsi.at\/index.php?rest_route=%2Fwp%2Fv2%2Fcomments&post=22"}],"version-history":[{"count":21,"href":"https:\/\/www.tipsi.at\/index.php?rest_route=\/wp\/v2\/pages\/22\/revisions"}],"predecessor-version":[{"id":796,"href":"https:\/\/www.tipsi.at\/index.php?rest_route=\/wp\/v2\/pages\/22\/revisions\/796"}],"wp:attachment":[{"href":"https:\/\/www.tipsi.at\/index.php?rest_route=%2Fwp%2Fv2%2Fmedia&parent=22"}],"curies":[{"name":"wp","href":"https:\/\/api.w.org\/{rel}","templated":true}]}}